{"id":24,"date":"2025-08-01T14:29:22","date_gmt":"2025-08-01T14:29:22","guid":{"rendered":"https:\/\/gabinetemjs.com\/historia\/"},"modified":"2025-12-02T15:19:24","modified_gmt":"2025-12-02T15:19:24","slug":"gabinete","status":"publish","type":"page","link":"https:\/\/gabinetemjs.com\/en\/gabinete\/","title":{"rendered":"OFFICE"},"content":{"rendered":"<div data-elementor-type=\"wp-page\" data-elementor-id=\"24\" class=\"elementor elementor-24\">\n\t\t\t\t<div class=\"elementor-element elementor-element-7424a78 e-con-full e-flex e-con e-parent\" data-id=\"7424a78\" data-element_type=\"container\" data-settings=\"{&quot;background_background&quot;:&quot;classic&quot;}\">\n\t\t<div class=\"elementor-element elementor-element-3587bcb5 e-con-full e-flex e-con e-child\" data-id=\"3587bcb5\" data-element_type=\"container\">\n\t\t\t\t<div class=\"elementor-element elementor-element-31fa54e6 elementor-invisible elementor-widget elementor-widget-heading\" data-id=\"31fa54e6\" data-element_type=\"widget\" data-settings=\"{&quot;_animation&quot;:&quot;zoomIn&quot;}\" data-widget_type=\"heading.default\">\n\t\t\t\t\t<h2 class=\"elementor-heading-title elementor-size-default\">OFFICE<\/h2>\t\t\t\t<\/div>\n\t\t\t\t<\/div>\n\t\t\t\t<\/div>\n\t\t<div class=\"elementor-element elementor-element-2c71285a e-con-full e-flex e-con e-parent\" data-id=\"2c71285a\" data-element_type=\"container\" data-settings=\"{&quot;background_background&quot;:&quot;classic&quot;}\">\n\t\t<div class=\"elementor-element elementor-element-50addbbe e-con-full e-flex e-con e-child\" data-id=\"50addbbe\" data-element_type=\"container\">\n\t\t\t\t<div class=\"elementor-element elementor-element-af82aa5 elementor-view-default elementor-invisible elementor-widget elementor-widget-icon\" data-id=\"af82aa5\" data-element_type=\"widget\" data-settings=\"{&quot;_animation&quot;:&quot;zoomIn&quot;}\" data-widget_type=\"icon.default\">\n\t\t\t\t\t\t\t<div class=\"elementor-icon-wrapper\">\n\t\t\t<div class=\"elementor-icon\">\n\t\t\t<svg aria-hidden=\"true\" class=\"e-font-icon-svg e-fas-laptop-house\" viewbox=\"0 0 640 512\" xmlns=\"http:\/\/www.w3.org\/2000\/svg\"><path d=\"M272,288H208a16,16,0,0,1-16-16V208a16,16,0,0,1,16-16h64a16,16,0,0,1,16,16v37.12C299.11,232.24,315,224,332.8,224H469.74l6.65-7.53A16.51,16.51,0,0,0,480,207a16.31,16.31,0,0,0-4.75-10.61L416,144V48a16,16,0,0,0-16-16H368a16,16,0,0,0-16,16V87.3L263.5,8.92C258,4,247.45,0,240.05,0s-17.93,4-23.47,8.92L4.78,196.42A16.15,16.15,0,0,0,0,207a16.4,16.4,0,0,0,3.55,9.39L22.34,237.7A16.22,16.22,0,0,0,33,242.48,16.51,16.51,0,0,0,42.34,239L64,219.88V384a32,32,0,0,0,32,32H272ZM629.33,448H592V288c0-17.67-12.89-32-28.8-32H332.8c-15.91,0-28.8,14.33-28.8,32V448H266.67A10.67,10.67,0,0,0,256,458.67v10.66A42.82,42.82,0,0,0,298.6,512H597.4A42.82,42.82,0,0,0,640,469.33V458.67A10.67,10.67,0,0,0,629.33,448ZM544,448H352V304H544Z\"><\/path><\/svg>\t\t\t<\/div>\n\t\t<\/div>\n\t\t\t\t\t\t<\/div>\n\t\t\t\t<div class=\"elementor-element elementor-element-5f22a72 elementor-invisible elementor-widget elementor-widget-heading\" data-id=\"5f22a72\" data-element_type=\"widget\" data-settings=\"{&quot;_animation&quot;:&quot;zoomIn&quot;}\" data-widget_type=\"heading.default\">\n\t\t\t\t\t<h2 class=\"elementor-heading-title elementor-size-default\">ABOUT THE OFFICE<\/h2>\t\t\t\t<\/div>\n\t\t\t\t<div class=\"elementor-element elementor-element-374ff37 elementor-invisible elementor-widget elementor-widget-text-editor\" data-id=\"374ff37\" data-element_type=\"widget\" data-settings=\"{&quot;_animation&quot;:&quot;zoomIn&quot;}\" data-widget_type=\"text-editor.default\">\n\t\t\t\t\t\t\t\t\t<p data-start=\"289\" data-end=\"793\" class=\"translation-block\">Sequeira Engineering Office is a company specialised in <strong>civil engineering, technical consultancy, and construction supervision<\/strong>, based on Faial Island, Azores. With an approach defined by <strong>technical rigour, client proximity, and a strong commitment to the territory<\/strong>, our core mission is to develop engineering solutions that meet the specific needs of the island context, always upholding the principles of <strong>sustainability, safety, and legal compliance<\/strong>.<\/p><p data-start=\"795\" data-end=\"1219\" class=\"translation-block\">Over the years, we have strengthened our presence in the regional sector, taking part in projects of various types and scales, from <strong>single-family housing and urban rehabilitation<\/strong> to <strong>public works, infrastructures, and collective-use buildings<\/strong>. This diversity reflects the versatility of our team and the confidence that both public and private partners place in the quality of our services.<\/p><p data-start=\"1221\" data-end=\"1700\" class=\"translation-block\">Our office stands out for its <strong>multidisciplinary approach<\/strong> and for its attention to detail at every stage of the project: from preliminary studies and feasibility analysis to the development of specialised engineering designs, and through to on-site coordination and supervision. We work according to <strong>updated technical standards<\/strong>, keeping pace with regulatory, technological, and environmental developments, ensuring that every project is delivered with <strong>technical responsibility and efficiency<\/strong>.<\/p><p data-start=\"2099\" data-end=\"2537\" class=\"translation-block\">More than service providers, we aim to be <strong>trusted partners<\/strong> for our clients. We prioritise close contact, clear communication, and continuous support throughout every project, regardless of its scale. This approach, combined with our technical expertise, has allowed us to actively contribute to the sustainable development of the islands and to the improvement of the built environment across the Azores.<\/p>\t\t\t\t\t\t\t\t<\/div>\n\t\t\t\t<\/div>\n\t\t<div class=\"elementor-element elementor-element-726de03 e-con-full e-flex elementor-invisible e-con e-child\" data-id=\"726de03\" data-element_type=\"container\" data-settings=\"{&quot;background_background&quot;:&quot;slideshow&quot;,&quot;background_slideshow_gallery&quot;:[{&quot;id&quot;:424,&quot;url&quot;:&quot;http:\\\/\\\/gabinetemjs.com\\\/wp-content\\\/uploads\\\/2025\\\/08\\\/1.png&quot;},{&quot;id&quot;:237,&quot;url&quot;:&quot;http:\\\/\\\/gabinetemjs.com\\\/wp-content\\\/uploads\\\/2025\\\/08\\\/architectural-black-white-background-scaled.jpg&quot;}],&quot;animation&quot;:&quot;zoomIn&quot;,&quot;background_slideshow_loop&quot;:&quot;yes&quot;,&quot;background_slideshow_slide_duration&quot;:5000,&quot;background_slideshow_slide_transition&quot;:&quot;fade&quot;,&quot;background_slideshow_transition_duration&quot;:500}\">\n\t\t\t\t<\/div>\n\t\t\t\t<\/div>\n\t\t<div class=\"elementor-element elementor-element-69a3a6fd e-con-full e-flex e-con e-parent\" data-id=\"69a3a6fd\" data-element_type=\"container\" data-settings=\"{&quot;background_background&quot;:&quot;classic&quot;}\">\n\t\t<div class=\"elementor-element elementor-element-6f856501 e-con-full e-flex elementor-invisible e-con e-child\" data-id=\"6f856501\" data-element_type=\"container\" data-settings=\"{&quot;animation&quot;:&quot;zoomIn&quot;}\">\n\t\t\t\t<div class=\"elementor-element elementor-element-3c7a6a27 elementor-view-default elementor-position-top elementor-mobile-position-top elementor-widget elementor-widget-icon-box\" data-id=\"3c7a6a27\" data-element_type=\"widget\" data-widget_type=\"icon-box.default\">\n\t\t\t\t\t\t\t<div class=\"elementor-icon-box-wrapper\">\n\n\t\t\t\t\t\t<div class=\"elementor-icon-box-icon\">\n\t\t\t\t<span  class=\"elementor-icon\">\n\t\t\t\t<i aria-hidden=\"true\" class=\"ti-pencil-alt\"><\/i>\t\t\t\t<\/span>\n\t\t\t<\/div>\n\t\t\t\n\t\t\t\t\t\t<div class=\"elementor-icon-box-content\">\n\n\t\t\t\t\t\t\t\t\t<h3 class=\"elementor-icon-box-title\">\n\t\t\t\t\t\t<span  >\n\t\t\t\t\t\t\tMultidisciplinary Approach\t\t\t\t\t\t<\/span>\n\t\t\t\t\t<\/h3>\n\t\t\t\t\n\t\t\t\t\t\t\t\t\t<p class=\"elementor-icon-box-description\">\n\t\t\t\t\t\tIntegration of engineering, sustainability, and planning.\t\t\t\t\t<\/p>\n\t\t\t\t\n\t\t\t<\/div>\n\t\t\t\n\t\t<\/div>\n\t\t\t\t\t\t<\/div>\n\t\t\t\t<\/div>\n\t\t<div class=\"elementor-element elementor-element-331b14a5 e-con-full e-flex elementor-invisible e-con e-child\" data-id=\"331b14a5\" data-element_type=\"container\" data-settings=\"{&quot;animation&quot;:&quot;zoomIn&quot;}\">\n\t\t\t\t<div class=\"elementor-element elementor-element-52b978b3 elementor-view-default elementor-position-top elementor-mobile-position-top elementor-widget elementor-widget-icon-box\" data-id=\"52b978b3\" data-element_type=\"widget\" data-widget_type=\"icon-box.default\">\n\t\t\t\t\t\t\t<div class=\"elementor-icon-box-wrapper\">\n\n\t\t\t\t\t\t<div class=\"elementor-icon-box-icon\">\n\t\t\t\t<span  class=\"elementor-icon\">\n\t\t\t\t<i aria-hidden=\"true\" class=\"ti-ruler-alt-2\"><\/i>\t\t\t\t<\/span>\n\t\t\t<\/div>\n\t\t\t\n\t\t\t\t\t\t<div class=\"elementor-icon-box-content\">\n\n\t\t\t\t\t\t\t\t\t<h3 class=\"elementor-icon-box-title\">\n\t\t\t\t\t\t<span  >\n\t\t\t\t\t\t\tFull Technical Compliance\t\t\t\t\t\t<\/span>\n\t\t\t\t\t<\/h3>\n\t\t\t\t\n\t\t\t\t\t\t\t\t\t<p class=\"elementor-icon-box-description\">\n\t\t\t\t\t\tAdherence to technical and environmental regulations at every stage.\t\t\t\t\t<\/p>\n\t\t\t\t\n\t\t\t<\/div>\n\t\t\t\n\t\t<\/div>\n\t\t\t\t\t\t<\/div>\n\t\t\t\t<\/div>\n\t\t<div class=\"elementor-element elementor-element-6a0fb611 e-con-full e-flex elementor-invisible e-con e-child\" data-id=\"6a0fb611\" data-element_type=\"container\" data-settings=\"{&quot;animation&quot;:&quot;zoomIn&quot;}\">\n\t\t\t\t<div class=\"elementor-element elementor-element-4dde72dc elementor-view-default elementor-position-top elementor-mobile-position-top elementor-widget elementor-widget-icon-box\" data-id=\"4dde72dc\" data-element_type=\"widget\" data-widget_type=\"icon-box.default\">\n\t\t\t\t\t\t\t<div class=\"elementor-icon-box-wrapper\">\n\n\t\t\t\t\t\t<div class=\"elementor-icon-box-icon\">\n\t\t\t\t<span  class=\"elementor-icon\">\n\t\t\t\t<i aria-hidden=\"true\" class=\"icon_globe-2\"><\/i>\t\t\t\t<\/span>\n\t\t\t<\/div>\n\t\t\t\n\t\t\t\t\t\t<div class=\"elementor-icon-box-content\">\n\n\t\t\t\t\t\t\t\t\t<h3 class=\"elementor-icon-box-title\">\n\t\t\t\t\t\t<span  >\n\t\t\t\t\t\t\tRegional Context Expertise\t\t\t\t\t\t<\/span>\n\t\t\t\t\t<\/h3>\n\t\t\t\t\n\t\t\t\t\t\t\t\t\t<p class=\"elementor-icon-box-description\">\n\t\t\t\t\t\tSpecialised knowledge of island conditions, climate, accessibility, and Azorean regulations.\t\t\t\t\t<\/p>\n\t\t\t\t\n\t\t\t<\/div>\n\t\t\t\n\t\t<\/div>\n\t\t\t\t\t\t<\/div>\n\t\t\t\t<\/div>\n\t\t<div class=\"elementor-element elementor-element-70727bd3 e-con-full e-flex elementor-invisible e-con e-child\" data-id=\"70727bd3\" data-element_type=\"container\" data-settings=\"{&quot;animation&quot;:&quot;zoomIn&quot;}\">\n\t\t\t\t<div class=\"elementor-element elementor-element-52eec3b8 elementor-view-default elementor-position-top elementor-mobile-position-top elementor-widget elementor-widget-icon-box\" data-id=\"52eec3b8\" data-element_type=\"widget\" data-widget_type=\"icon-box.default\">\n\t\t\t\t\t\t\t<div class=\"elementor-icon-box-wrapper\">\n\n\t\t\t\t\t\t<div class=\"elementor-icon-box-icon\">\n\t\t\t\t<span  class=\"elementor-icon\">\n\t\t\t\t<svg aria-hidden=\"true\" class=\"e-font-icon-svg e-far-handshake\" viewbox=\"0 0 640 512\" xmlns=\"http:\/\/www.w3.org\/2000\/svg\"><path d=\"M519.2 127.9l-47.6-47.6A56.252 56.252 0 0 0 432 64H205.2c-14.8 0-29.1 5.9-39.6 16.3L118 127.9H0v255.7h64c17.6 0 31.8-14.2 31.9-31.7h9.1l84.6 76.4c30.9 25.1 73.8 25.7 105.6 3.8 12.5 10.8 26 15.9 41.1 15.9 18.2 0 35.3-7.4 48.8-24 22.1 8.7 48.2 2.6 64-16.8l26.2-32.3c5.6-6.9 9.1-14.8 10.9-23h57.9c.1 17.5 14.4 31.7 31.9 31.7h64V127.9H519.2zM48 351.6c-8.8 0-16-7.2-16-16s7.2-16 16-16 16 7.2 16 16c0 8.9-7.2 16-16 16zm390-6.9l-26.1 32.2c-2.8 3.4-7.8 4-11.3 1.2l-23.9-19.4-30 36.5c-6 7.3-15 4.8-18 2.4l-36.8-31.5-15.6 19.2c-13.9 17.1-39.2 19.7-55.3 6.6l-97.3-88H96V175.8h41.9l61.7-61.6c2-.8 3.7-1.5 5.7-2.3H262l-38.7 35.5c-29.4 26.9-31.1 72.3-4.4 101.3 14.8 16.2 61.2 41.2 101.5 4.4l8.2-7.5 108.2 87.8c3.4 2.8 3.9 7.9 1.2 11.3zm106-40.8h-69.2c-2.3-2.8-4.9-5.4-7.7-7.7l-102.7-83.4 12.5-11.4c6.5-6 7-16.1 1-22.6L367 167.1c-6-6.5-16.1-6.9-22.6-1l-55.2 50.6c-9.5 8.7-25.7 9.4-34.6 0-9.3-9.9-8.5-25.1 1.2-33.9l65.6-60.1c7.4-6.8 17-10.5 27-10.5l83.7-.2c2.1 0 4.1.8 5.5 2.3l61.7 61.6H544v128zm48 47.7c-8.8 0-16-7.2-16-16s7.2-16 16-16 16 7.2 16 16c0 8.9-7.2 16-16 16z\"><\/path><\/svg>\t\t\t\t<\/span>\n\t\t\t<\/div>\n\t\t\t\n\t\t\t\t\t\t<div class=\"elementor-icon-box-content\">\n\n\t\t\t\t\t\t\t\t\t<h3 class=\"elementor-icon-box-title\">\n\t\t\t\t\t\t<span  >\n\t\t\t\t\t\t\t Trust and Proximity\t\t\t\t\t\t<\/span>\n\t\t\t\t\t<\/h3>\n\t\t\t\t\n\t\t\t\t\t\t\t\t\t<p class=\"elementor-icon-box-description\">\n\t\t\t\t\t\tTransparent relationships with clients and both public and private entities.\t\t\t\t\t<\/p>\n\t\t\t\t\n\t\t\t<\/div>\n\t\t\t\n\t\t<\/div>\n\t\t\t\t\t\t<\/div>\n\t\t\t\t<\/div>\n\t\t\t\t<\/div>\n\t\t<div class=\"elementor-element elementor-element-17f0646b e-flex e-con-boxed e-con e-parent\" data-id=\"17f0646b\" data-element_type=\"container\" data-settings=\"{&quot;background_background&quot;:&quot;classic&quot;}\">\n\t\t\t\t\t<div class=\"e-con-inner\">\n\t\t\t\t<div class=\"elementor-element elementor-element-a69166e elementor-invisible elementor-widget elementor-widget-heading\" data-id=\"a69166e\" data-element_type=\"widget\" data-settings=\"{&quot;_animation&quot;:&quot;zoomIn&quot;}\" data-widget_type=\"heading.default\">\n\t\t\t\t\t<h2 class=\"elementor-heading-title elementor-size-default\">TAILORED SOLUTIONS FOR YOUR PROJECT<\/h2>\t\t\t\t<\/div>\n\t\t\t\t<div class=\"elementor-element elementor-element-694056f elementor-mobile-align-center elementor-align-center elementor-invisible elementor-widget elementor-widget-button\" data-id=\"694056f\" data-element_type=\"widget\" data-settings=\"{&quot;_animation&quot;:&quot;zoomIn&quot;}\" data-widget_type=\"button.default\">\n\t\t\t\t\t\t\t\t\t\t<a class=\"elementor-button elementor-button-link elementor-size-sm\" href=\"mailto:mjsequeira@mail.telepac.pt\">\n\t\t\t\t\t\t<span class=\"elementor-button-content-wrapper\">\n\t\t\t\t\t\t\t\t\t<span class=\"elementor-button-text\">REQUEST A MEETING<\/span>\n\t\t\t\t\t<\/span>\n\t\t\t\t\t<\/a>\n\t\t\t\t\t\t\t\t<\/div>\n\t\t\t\t\t<\/div>\n\t\t\t\t<\/div>\n\t\t\t\t<\/div>","protected":false},"excerpt":{"rendered":"<p>GABINETE SOBRE O GABINETE O Gabinete de Engenharia Sequeira \u00e9 uma empresa especializada em engenharia civil, consultoria t\u00e9cnica e fiscaliza\u00e7\u00e3o de obras, sediada na ilha do Faial, A\u00e7ores. Com uma atua\u00e7\u00e3o marcada pelo rigor t\u00e9cnico, proximidade ao cliente e compromisso com o territ\u00f3rio, assumimos como miss\u00e3o principal o desenvolvimento de solu\u00e7\u00f5es de engenharia que respondem [&hellip;]<\/p>","protected":false},"author":1,"featured_media":0,"parent":0,"menu_order":0,"comment_status":"closed","ping_status":"closed","template":"","meta":{"footnotes":""},"class_list":["post-24","page","type-page","status-publish","hentry"],"yoast_head":"<!-- This site is optimized with the Yoast SEO Premium plugin v21.3 (Yoast SEO v21.3) - https:\/\/yoast.com\/wordpress\/plugins\/seo\/ -->\n<title>GABINETE - Gabinete M.J.S.<\/title>\n<meta name=\"robots\" content=\"index, follow, max-snippet:-1, max-image-preview:large, max-video-preview:-1\" \/>\n<link rel=\"canonical\" href=\"https:\/\/gabinetemjs.com\/en\/gabinete\/\" \/>\n<meta property=\"og:locale\" content=\"en_GB\" \/>\n<meta property=\"og:type\" content=\"article\" \/>\n<meta property=\"og:title\" content=\"GABINETE\" \/>\n<meta property=\"og:description\" content=\"GABINETE SOBRE O GABINETE O Gabinete de Engenharia Sequeira \u00e9 uma empresa especializada em engenharia civil, consultoria t\u00e9cnica e fiscaliza\u00e7\u00e3o de obras, sediada na ilha do Faial, A\u00e7ores. Com uma atua\u00e7\u00e3o marcada pelo rigor t\u00e9cnico, proximidade ao cliente e compromisso com o territ\u00f3rio, assumimos como miss\u00e3o principal o desenvolvimento de solu\u00e7\u00f5es de engenharia que respondem [&hellip;]\" \/>\n<meta property=\"og:url\" content=\"https:\/\/gabinetemjs.com\/en\/gabinete\/\" \/>\n<meta property=\"og:site_name\" content=\"Gabinete M.J.S.\" \/>\n<meta property=\"article:modified_time\" content=\"2025-12-02T15:19:24+00:00\" \/>\n<meta name=\"twitter:card\" content=\"summary_large_image\" \/>\n<script type=\"application\/ld+json\" class=\"yoast-schema-graph\">{\"@context\":\"https:\/\/schema.org\",\"@graph\":[{\"@type\":\"WebPage\",\"@id\":\"https:\/\/gabinetemjs.com\/gabinete\/\",\"url\":\"https:\/\/gabinetemjs.com\/gabinete\/\",\"name\":\"GABINETE - Gabinete M.J.S.\",\"isPartOf\":{\"@id\":\"https:\/\/gabinetemjs.com\/#website\"},\"datePublished\":\"2025-08-01T14:29:22+00:00\",\"dateModified\":\"2025-12-02T15:19:24+00:00\",\"breadcrumb\":{\"@id\":\"https:\/\/gabinetemjs.com\/gabinete\/#breadcrumb\"},\"inLanguage\":\"en-GB\",\"potentialAction\":[{\"@type\":\"ReadAction\",\"target\":[\"https:\/\/gabinetemjs.com\/gabinete\/\"]}]},{\"@type\":\"BreadcrumbList\",\"@id\":\"https:\/\/gabinetemjs.com\/gabinete\/#breadcrumb\",\"itemListElement\":[{\"@type\":\"ListItem\",\"position\":1,\"name\":\"Home\",\"item\":\"https:\/\/gabinetemjs.com\/en\/\"},{\"@type\":\"ListItem\",\"position\":2,\"name\":\"GABINETE\"}]},{\"@type\":\"WebSite\",\"@id\":\"https:\/\/gabinetemjs.com\/#website\",\"url\":\"https:\/\/gabinetemjs.com\/\",\"name\":\"Gabinete M.J.S.\",\"description\":\"Gabinete de Engenharia - MJS\",\"potentialAction\":[{\"@type\":\"SearchAction\",\"target\":{\"@type\":\"EntryPoint\",\"urlTemplate\":\"https:\/\/gabinetemjs.com\/?s={search_term_string}\"},\"query-input\":\"required name=search_term_string\"}],\"inLanguage\":\"en-GB\"}]}<\/script>\n<!-- \/ Yoast SEO Premium plugin. -->","yoast_head_json":{"title":"GABINETE - Gabinete M.J.S.","robots":{"index":"index","follow":"follow","max-snippet":"max-snippet:-1","max-image-preview":"max-image-preview:large","max-video-preview":"max-video-preview:-1"},"canonical":"https:\/\/gabinetemjs.com\/en\/gabinete\/","og_locale":"en_GB","og_type":"article","og_title":"GABINETE","og_description":"GABINETE SOBRE O GABINETE O Gabinete de Engenharia Sequeira \u00e9 uma empresa especializada em engenharia civil, consultoria t\u00e9cnica e fiscaliza\u00e7\u00e3o de obras, sediada na ilha do Faial, A\u00e7ores. Com uma atua\u00e7\u00e3o marcada pelo rigor t\u00e9cnico, proximidade ao cliente e compromisso com o territ\u00f3rio, assumimos como miss\u00e3o principal o desenvolvimento de solu\u00e7\u00f5es de engenharia que respondem [&hellip;]","og_url":"https:\/\/gabinetemjs.com\/en\/gabinete\/","og_site_name":"Gabinete M.J.S.","article_modified_time":"2025-12-02T15:19:24+00:00","twitter_card":"summary_large_image","schema":{"@context":"https:\/\/schema.org","@graph":[{"@type":"WebPage","@id":"https:\/\/gabinetemjs.com\/gabinete\/","url":"https:\/\/gabinetemjs.com\/gabinete\/","name":"GABINETE - Gabinete M.J.S.","isPartOf":{"@id":"https:\/\/gabinetemjs.com\/#website"},"datePublished":"2025-08-01T14:29:22+00:00","dateModified":"2025-12-02T15:19:24+00:00","breadcrumb":{"@id":"https:\/\/gabinetemjs.com\/gabinete\/#breadcrumb"},"inLanguage":"en-GB","potentialAction":[{"@type":"ReadAction","target":["https:\/\/gabinetemjs.com\/gabinete\/"]}]},{"@type":"BreadcrumbList","@id":"https:\/\/gabinetemjs.com\/gabinete\/#breadcrumb","itemListElement":[{"@type":"ListItem","position":1,"name":"Home","item":"https:\/\/gabinetemjs.com\/en\/"},{"@type":"ListItem","position":2,"name":"GABINETE"}]},{"@type":"WebSite","@id":"https:\/\/gabinetemjs.com\/#website","url":"https:\/\/gabinetemjs.com\/","name":"Office M.J.S.","description":"Gabinete de Engenharia - MJS","potentialAction":[{"@type":"SearchAction","target":{"@type":"EntryPoint","urlTemplate":"https:\/\/gabinetemjs.com\/?s={search_term_string}"},"query-input":"required name=search_term_string"}],"inLanguage":"en-GB"}]}},"_links":{"self":[{"href":"https:\/\/gabinetemjs.com\/en\/wp-json\/wp\/v2\/pages\/24","targetHints":{"allow":["GET"]}}],"collection":[{"href":"https:\/\/gabinetemjs.com\/en\/wp-json\/wp\/v2\/pages"}],"about":[{"href":"https:\/\/gabinetemjs.com\/en\/wp-json\/wp\/v2\/types\/page"}],"author":[{"embeddable":true,"href":"https:\/\/gabinetemjs.com\/en\/wp-json\/wp\/v2\/users\/1"}],"replies":[{"embeddable":true,"href":"https:\/\/gabinetemjs.com\/en\/wp-json\/wp\/v2\/comments?post=24"}],"version-history":[{"count":65,"href":"https:\/\/gabinetemjs.com\/en\/wp-json\/wp\/v2\/pages\/24\/revisions"}],"predecessor-version":[{"id":748,"href":"https:\/\/gabinetemjs.com\/en\/wp-json\/wp\/v2\/pages\/24\/revisions\/748"}],"wp:attachment":[{"href":"https:\/\/gabinetemjs.com\/en\/wp-json\/wp\/v2\/media?parent=24"}],"curies":[{"name":"wp","href":"https:\/\/api.w.org\/{rel}","templated":true}]}}