{"id":21,"date":"2025-08-01T14:29:22","date_gmt":"2025-08-01T14:29:22","guid":{"rendered":"https:\/\/gabinetemjs.com\/produtos\/"},"modified":"2025-08-14T11:36:53","modified_gmt":"2025-08-14T11:36:53","slug":"produtos","status":"publish","type":"page","link":"https:\/\/gabinetemjs.com\/en\/produtos\/","title":{"rendered":"PROJECTS"},"content":{"rendered":"<div data-elementor-type=\"wp-page\" data-elementor-id=\"21\" class=\"elementor elementor-21\">\n\t\t\t\t<div class=\"elementor-element elementor-element-16d326dd e-con-full e-flex e-con e-parent\" data-id=\"16d326dd\" data-element_type=\"container\" data-settings=\"{&quot;background_background&quot;:&quot;classic&quot;}\">\n\t\t<div class=\"elementor-element elementor-element-1cd2c755 e-con-full e-flex e-con e-child\" data-id=\"1cd2c755\" data-element_type=\"container\">\n\t\t\t\t<div class=\"elementor-element elementor-element-23c0bd35 elementor-invisible elementor-widget elementor-widget-heading\" data-id=\"23c0bd35\" data-element_type=\"widget\" data-settings=\"{&quot;_animation&quot;:&quot;zoomIn&quot;}\" data-widget_type=\"heading.default\">\n\t\t\t\t\t<h2 class=\"elementor-heading-title elementor-size-default\">PROJECTS<\/h2>\t\t\t\t<\/div>\n\t\t\t\t<\/div>\n\t\t\t\t<\/div>\n\t\t<div class=\"elementor-element elementor-element-cb2101e e-con-full e-flex e-con e-parent\" data-id=\"cb2101e\" data-element_type=\"container\" data-settings=\"{&quot;background_background&quot;:&quot;classic&quot;}\">\n\t\t<div class=\"elementor-element elementor-element-38e3cf8a e-flex e-con-boxed e-con e-child\" data-id=\"38e3cf8a\" data-element_type=\"container\" data-settings=\"{&quot;background_background&quot;:&quot;classic&quot;}\">\n\t\t\t\t\t<div class=\"e-con-inner\">\n\t\t\t\t<div class=\"elementor-element elementor-element-530cdf8b elementor-view-default elementor-widget elementor-widget-icon\" data-id=\"530cdf8b\" data-element_type=\"widget\" data-widget_type=\"icon.default\">\n\t\t\t\t\t\t\t<div class=\"elementor-icon-wrapper\">\n\t\t\t<div class=\"elementor-icon\">\n\t\t\t<i aria-hidden=\"true\" class=\"ti-layers-alt\"><\/i>\t\t\t<\/div>\n\t\t<\/div>\n\t\t\t\t\t\t<\/div>\n\t\t\t\t<div class=\"elementor-element elementor-element-6055657e elementor-invisible elementor-widget elementor-widget-heading\" data-id=\"6055657e\" data-element_type=\"widget\" data-settings=\"{&quot;_animation&quot;:&quot;zoomIn&quot;}\" data-widget_type=\"heading.default\">\n\t\t\t\t\t<h2 class=\"elementor-heading-title elementor-size-default\">Proven experience in civil engineering across the Azores.<\/h2>\t\t\t\t<\/div>\n\t\t\t\t<div class=\"elementor-element elementor-element-2cab7ee6 elementor-invisible elementor-widget elementor-widget-text-editor\" data-id=\"2cab7ee6\" data-element_type=\"widget\" data-settings=\"{&quot;_animation&quot;:&quot;zoomIn&quot;}\" data-widget_type=\"text-editor.default\">\n\t\t\t\t\t\t\t\t\t<p data-start=\"310\" data-end=\"603\">Sequeira Engineering Office has a solid track record of involvement in technical projects on several islands of the Azores, ranging from single-family housing and commercial spaces to public works and heritage rehabilitation. We operate with an unwavering commitment to quality, technical rigour, and timely delivery.<\/p>\t\t\t\t\t\t\t\t<\/div>\n\t\t\t\t\t<\/div>\n\t\t\t\t<\/div>\n\t\t\t\t<\/div>\n\t\t<div class=\"elementor-element elementor-element-48e86154 e-con-full e-flex e-con e-parent\" data-id=\"48e86154\" data-element_type=\"container\" data-settings=\"{&quot;background_background&quot;:&quot;classic&quot;}\">\n\t\t\t\t<div class=\"elementor-element elementor-element-448a3f1a elementor-invisible elementor-widget elementor-widget-elementskit-testimonial\" data-id=\"448a3f1a\" data-element_type=\"widget\" data-settings=\"{&quot;_animation&quot;:&quot;zoomIn&quot;}\" data-widget_type=\"elementskit-testimonial.default\">\n\t\t\t\t\t<div class=\"ekit-wid-con\" ><div class=\"elementskit-testimonial-slider arrow_inside elementskit-default-testimonial\" data-config=\"{&quot;rtl&quot;:false,&quot;arrows&quot;:true,&quot;dots&quot;:false,&quot;pauseOnHover&quot;:true,&quot;autoplay&quot;:true,&quot;speed&quot;:1000,&quot;slidesPerGroup&quot;:1,&quot;slidesPerView&quot;:1,&quot;loop&quot;:true,&quot;spaceBetween&quot;:15,&quot;breakpoints&quot;:{&quot;320&quot;:{&quot;slidesPerView&quot;:1,&quot;slidesPerGroup&quot;:1,&quot;spaceBetween&quot;:10},&quot;768&quot;:{&quot;slidesPerView&quot;:2,&quot;slidesPerGroup&quot;:1,&quot;spaceBetween&quot;:10},&quot;1024&quot;:{&quot;slidesPerView&quot;:1,&quot;slidesPerGroup&quot;:1,&quot;spaceBetween&quot;:15}}}\">\n\t<div class=\"ekit-main-swiper swiper\">\n\t\t<div class=\"swiper-wrapper\">\n\t\t\t\t\t\t\t<div class=\"swiper-slide\">\n\t\t\t\t\t<div class=\"swiper-slide-inner\">\n\t\t\t\t\t\t<div class=\"elemntskit-testimonial-item\" >\n\t\t\t\t\t\t\t<div class=\"elementskit-single-testimonial-slider\">\n\t\t\t\t\t\t\t\t<div class=\"row\">\n\t\t\t\t\t\t\t\t\t<div class=\"col-lg-6 elementkit-testimonial-col\">\n\t\t\t\t\t\t\t\t\t\t<div class=\"elementskit-commentor-content\">\n\t\t\t\t\t\t\t\t\t\t\t\t\t\t\t\t\t\t\t\t\t\t\t<div class=\"elementskit-client_logo\">\n\t\t\t\t\t\t\t\t\t\t\t\t\t\t\t\t\t\t\t\t\t\t\t\t\t\t<img fetchpriority=\"high\" decoding=\"async\" width=\"2560\" height=\"1435\" src=\"https:\/\/gabinetemjs.com\/wp-content\/uploads\/2025\/08\/HERO-SEQUEIRA-scaled.webp\" class=\"elementskit-testimonial-client-logo\" alt=\"\" srcset=\"https:\/\/gabinetemjs.com\/wp-content\/uploads\/2025\/08\/HERO-SEQUEIRA-scaled.webp 2560w, https:\/\/gabinetemjs.com\/wp-content\/uploads\/2025\/08\/HERO-SEQUEIRA-300x168.webp 300w, https:\/\/gabinetemjs.com\/wp-content\/uploads\/2025\/08\/HERO-SEQUEIRA-1024x574.webp 1024w, https:\/\/gabinetemjs.com\/wp-content\/uploads\/2025\/08\/HERO-SEQUEIRA-768x430.webp 768w, https:\/\/gabinetemjs.com\/wp-content\/uploads\/2025\/08\/HERO-SEQUEIRA-1536x861.webp 1536w, https:\/\/gabinetemjs.com\/wp-content\/uploads\/2025\/08\/HERO-SEQUEIRA-2048x1148.webp 2048w\" sizes=\"(max-width: 2560px) 100vw, 2560px\" \/>\t\t\t\t\t\t\t\t\t\t\t\t<\/div>\n\t\t\t\t\t\t\t\t\t\t\t\t\t\t\t\t\t\t\t\t\t\t\t\t\t\t\t\t\t\t\t\t\t\t<p>Description: Full architectural and engineering design for a single-storey family home, featuring landscape integration and efficient thermal solutions.\nServices provided: Design + Licensing Support\n\n<\/p>\n\t\t\t\t\t\t\t\t\t\t\t\t\t\t\t\t\t\t\t\t\t\t\t\t\t\t\t\t\t\t\t\t\t\t<span class=\"elementskit-border-hr\"><\/span>\n\t\t\t\t\t\t\t\t\t\t\t\t\t\t\t\t\t\t\t\t\t\t<span class=\"elementskit-profile-info\">\n\t\t\t\t\t\t\t\t\t\t\t\t<strong class=\"elementskit-author-name\">Single-Family Residence \u2013 Flamengos, Faial<\/strong>\n\t\t\t\t\t\t\t\t\t\t\t\t<span class=\"elementskit-author-des\"><\/span>\n\t\t\t\t\t\t\t\t\t\t\t<\/span>\n\t\t\t\t\t\t\t\t\t\t<\/div>\n\t\t\t\t\t\t\t\t\t<\/div>\n\t\t\t\t\t\t\t\t\t<div class=\"col-lg-6 elementkit-testimonial-col\">\n\t\t\t\t\t\t\t\t\t\t<div class=\"elementskit-profile-image-card\">\n\t\t\t\t\t\t\t\t\t\t\t<img decoding=\"async\" width=\"820\" height=\"1024\" src=\"https:\/\/gabinetemjs.com\/wp-content\/uploads\/2025\/08\/2.png\" class=\"attachment-full size-full\" alt=\"\" srcset=\"https:\/\/gabinetemjs.com\/wp-content\/uploads\/2025\/08\/2.png 820w, https:\/\/gabinetemjs.com\/wp-content\/uploads\/2025\/08\/2-240x300.png 240w, https:\/\/gabinetemjs.com\/wp-content\/uploads\/2025\/08\/2-768x959.png 768w\" sizes=\"(max-width: 820px) 100vw, 820px\" \/>\t\t\t\t\t\t\t\t\t\t\t\t\t\t\t\t\t\t\t\t\t<\/div>\n\t\t\t\t\t\t\t\t\t<\/div>\n\t\t\t\t\t\t\t\t<\/div>\n\t\t\t\t\t\t\t<\/div>\n\t\t\t\t\t\t<\/div>\n\t\t\t\t\t<\/div>\n\t\t\t\t<\/div>\n\t\t\t\t\t\t\t<div class=\"swiper-slide\">\n\t\t\t\t\t<div class=\"swiper-slide-inner\">\n\t\t\t\t\t\t<div class=\"elemntskit-testimonial-item\" >\n\t\t\t\t\t\t\t<div class=\"elementskit-single-testimonial-slider\">\n\t\t\t\t\t\t\t\t<div class=\"row\">\n\t\t\t\t\t\t\t\t\t<div class=\"col-lg-6 elementkit-testimonial-col\">\n\t\t\t\t\t\t\t\t\t\t<div class=\"elementskit-commentor-content\">\n\t\t\t\t\t\t\t\t\t\t\t\t\t\t\t\t\t\t\t\t\t\t\t<div class=\"elementskit-client_logo\">\n\t\t\t\t\t\t\t\t\t\t\t\t\t\t\t\t\t\t\t\t\t\t\t\t\t\t<img fetchpriority=\"high\" decoding=\"async\" width=\"2560\" height=\"1435\" src=\"https:\/\/gabinetemjs.com\/wp-content\/uploads\/2025\/08\/HERO-SEQUEIRA-scaled.webp\" class=\"elementskit-testimonial-client-logo\" alt=\"\" srcset=\"https:\/\/gabinetemjs.com\/wp-content\/uploads\/2025\/08\/HERO-SEQUEIRA-scaled.webp 2560w, https:\/\/gabinetemjs.com\/wp-content\/uploads\/2025\/08\/HERO-SEQUEIRA-300x168.webp 300w, https:\/\/gabinetemjs.com\/wp-content\/uploads\/2025\/08\/HERO-SEQUEIRA-1024x574.webp 1024w, https:\/\/gabinetemjs.com\/wp-content\/uploads\/2025\/08\/HERO-SEQUEIRA-768x430.webp 768w, https:\/\/gabinetemjs.com\/wp-content\/uploads\/2025\/08\/HERO-SEQUEIRA-1536x861.webp 1536w, https:\/\/gabinetemjs.com\/wp-content\/uploads\/2025\/08\/HERO-SEQUEIRA-2048x1148.webp 2048w\" sizes=\"(max-width: 2560px) 100vw, 2560px\" \/>\t\t\t\t\t\t\t\t\t\t\t\t<\/div>\n\t\t\t\t\t\t\t\t\t\t\t\t\t\t\t\t\t\t\t\t\t\t\t\t\t\t\t\t\t\t\t\t\t\t<p>Description: Modular structure adapted to the functional requirements of a coworking space and public service area. Versatile technical solutions designed to allow future expansion.\nServices provided: Design + Technical Supervision<\/p>\n\t\t\t\t\t\t\t\t\t\t\t\t\t\t\t\t\t\t\t\t\t\t\t\t\t\t\t\t\t\t\t\t\t\t<span class=\"elementskit-border-hr\"><\/span>\n\t\t\t\t\t\t\t\t\t\t\t\t\t\t\t\t\t\t\t\t\t\t<span class=\"elementskit-profile-info\">\n\t\t\t\t\t\t\t\t\t\t\t\t<strong class=\"elementskit-author-name\">Service Building \u2013 Madalena do Pico<\/strong>\n\t\t\t\t\t\t\t\t\t\t\t\t<span class=\"elementskit-author-des\"><\/span>\n\t\t\t\t\t\t\t\t\t\t\t<\/span>\n\t\t\t\t\t\t\t\t\t\t<\/div>\n\t\t\t\t\t\t\t\t\t<\/div>\n\t\t\t\t\t\t\t\t\t<div class=\"col-lg-6 elementkit-testimonial-col\">\n\t\t\t\t\t\t\t\t\t\t<div class=\"elementskit-profile-image-card\">\n\t\t\t\t\t\t\t\t\t\t\t<img decoding=\"async\" width=\"820\" height=\"1024\" src=\"https:\/\/gabinetemjs.com\/wp-content\/uploads\/2025\/08\/2.png\" class=\"attachment-full size-full\" alt=\"\" srcset=\"https:\/\/gabinetemjs.com\/wp-content\/uploads\/2025\/08\/2.png 820w, https:\/\/gabinetemjs.com\/wp-content\/uploads\/2025\/08\/2-240x300.png 240w, https:\/\/gabinetemjs.com\/wp-content\/uploads\/2025\/08\/2-768x959.png 768w\" sizes=\"(max-width: 820px) 100vw, 820px\" \/>\t\t\t\t\t\t\t\t\t\t\t\t\t\t\t\t\t\t\t\t\t<\/div>\n\t\t\t\t\t\t\t\t\t<\/div>\n\t\t\t\t\t\t\t\t<\/div>\n\t\t\t\t\t\t\t<\/div>\n\t\t\t\t\t\t<\/div>\n\t\t\t\t\t<\/div>\n\t\t\t\t<\/div>\n\t\t\t\t\t\t\t<div class=\"swiper-slide\">\n\t\t\t\t\t<div class=\"swiper-slide-inner\">\n\t\t\t\t\t\t<div class=\"elemntskit-testimonial-item\" >\n\t\t\t\t\t\t\t<div class=\"elementskit-single-testimonial-slider\">\n\t\t\t\t\t\t\t\t<div class=\"row\">\n\t\t\t\t\t\t\t\t\t<div class=\"col-lg-6 elementkit-testimonial-col\">\n\t\t\t\t\t\t\t\t\t\t<div class=\"elementskit-commentor-content\">\n\t\t\t\t\t\t\t\t\t\t\t\t\t\t\t\t\t\t\t\t\t\t\t<div class=\"elementskit-client_logo\">\n\t\t\t\t\t\t\t\t\t\t\t\t\t\t\t\t\t\t\t\t\t\t\t\t\t\t<img decoding=\"async\" width=\"2560\" height=\"1435\" src=\"https:\/\/gabinetemjs.com\/wp-content\/uploads\/2025\/08\/architectural-black-white-background-scaled.jpg\" class=\"elementskit-testimonial-client-logo\" alt=\"\" srcset=\"https:\/\/gabinetemjs.com\/wp-content\/uploads\/2025\/08\/architectural-black-white-background-scaled.jpg 2560w, https:\/\/gabinetemjs.com\/wp-content\/uploads\/2025\/08\/architectural-black-white-background-300x168.jpg 300w, https:\/\/gabinetemjs.com\/wp-content\/uploads\/2025\/08\/architectural-black-white-background-1024x574.jpg 1024w, https:\/\/gabinetemjs.com\/wp-content\/uploads\/2025\/08\/architectural-black-white-background-768x430.jpg 768w, https:\/\/gabinetemjs.com\/wp-content\/uploads\/2025\/08\/architectural-black-white-background-1536x861.jpg 1536w, https:\/\/gabinetemjs.com\/wp-content\/uploads\/2025\/08\/architectural-black-white-background-2048x1148.jpg 2048w\" sizes=\"(max-width: 2560px) 100vw, 2560px\" \/>\t\t\t\t\t\t\t\t\t\t\t\t<\/div>\n\t\t\t\t\t\t\t\t\t\t\t\t\t\t\t\t\t\t\t\t\t\t\t\t\t\t\t\t\t\t\t\t\t\t<p>Description: Restoration of a heritage-value property, preserving the original fa\u00e7ades while introducing structural, thermal, and accessibility improvements.\nServices provided: Rehabilitation design + Technical consultancy\n\n<\/p>\n\t\t\t\t\t\t\t\t\t\t\t\t\t\t\t\t\t\t\t\t\t\t\t\t\t\t\t\t\t\t\t\t\t\t<span class=\"elementskit-border-hr\"><\/span>\n\t\t\t\t\t\t\t\t\t\t\t\t\t\t\t\t\t\t\t\t\t\t<span class=\"elementskit-profile-info\">\n\t\t\t\t\t\t\t\t\t\t\t\t<strong class=\"elementskit-author-name\">Residential Building Rehabilitation \u2013 Horta Historic Centre<\/strong>\n\t\t\t\t\t\t\t\t\t\t\t\t<span class=\"elementskit-author-des\"><\/span>\n\t\t\t\t\t\t\t\t\t\t\t<\/span>\n\t\t\t\t\t\t\t\t\t\t<\/div>\n\t\t\t\t\t\t\t\t\t<\/div>\n\t\t\t\t\t\t\t\t\t<div class=\"col-lg-6 elementkit-testimonial-col\">\n\t\t\t\t\t\t\t\t\t\t<div class=\"elementskit-profile-image-card\">\n\t\t\t\t\t\t\t\t\t\t\t<img decoding=\"async\" width=\"820\" height=\"1024\" src=\"https:\/\/gabinetemjs.com\/wp-content\/uploads\/2025\/08\/2.png\" class=\"attachment-full size-full\" alt=\"\" srcset=\"https:\/\/gabinetemjs.com\/wp-content\/uploads\/2025\/08\/2.png 820w, https:\/\/gabinetemjs.com\/wp-content\/uploads\/2025\/08\/2-240x300.png 240w, https:\/\/gabinetemjs.com\/wp-content\/uploads\/2025\/08\/2-768x959.png 768w\" sizes=\"(max-width: 820px) 100vw, 820px\" \/>\t\t\t\t\t\t\t\t\t\t\t\t\t\t\t\t\t\t\t\t\t<\/div>\n\t\t\t\t\t\t\t\t\t<\/div>\n\t\t\t\t\t\t\t\t<\/div>\n\t\t\t\t\t\t\t<\/div>\n\t\t\t\t\t\t<\/div>\n\t\t\t\t\t<\/div>\n\t\t\t\t<\/div>\n\t\t\t\t\t<\/div>\n\n\t\t\n\t\t\t\t\t<div class=\"swiper-navigation-button swiper-button-prev\">\n\t\t\t\t<i aria-hidden=\"true\" class=\"icon icon-left-arrow2\"><\/i>\t\t\t<\/div>\n\t\t\t<div class=\"swiper-navigation-button swiper-button-next\">\n\t\t\t\t<i aria-hidden=\"true\" class=\"icon icon-right-arrow2\"><\/i>\t\t\t<\/div>\n\t\t\t<\/div>\n<\/div>\n<\/div>\t\t\t\t<\/div>\n\t\t\t\t<\/div>\n\t\t\t\t<\/div>","protected":false},"excerpt":{"rendered":"<p>PROJETOS Experi\u00eancia comprovada em engenharia civil nos A\u00e7ores. O Gabinete de Engenharia Sequeira tem um historial s\u00f3lido de participa\u00e7\u00e3o em projetos t\u00e9cnicos em diferentes ilhas dos A\u00e7ores, abrangendo desde habita\u00e7\u00e3o unifamiliar e espa\u00e7os comerciais at\u00e9 empreitadas p\u00fablicas e reabilita\u00e7\u00e3o de patrim\u00f3nio. Atuamos com um compromisso constante com a qualidade, o rigor t\u00e9cnico e o cumprimento [&hellip;]<\/p>","protected":false},"author":1,"featured_media":0,"parent":0,"menu_order":0,"comment_status":"closed","ping_status":"closed","template":"","meta":{"footnotes":""},"class_list":["post-21","page","type-page","status-publish","hentry"],"yoast_head":"<!-- This site is optimized with the Yoast SEO Premium plugin v21.3 (Yoast SEO v21.3) - https:\/\/yoast.com\/wordpress\/plugins\/seo\/ -->\n<title>PROJETOS - Gabinete M.J.S.<\/title>\n<meta name=\"robots\" content=\"index, follow, max-snippet:-1, max-image-preview:large, max-video-preview:-1\" \/>\n<link rel=\"canonical\" href=\"https:\/\/gabinetemjs.com\/en\/produtos\/\" \/>\n<meta property=\"og:locale\" content=\"en_GB\" \/>\n<meta property=\"og:type\" content=\"article\" \/>\n<meta property=\"og:title\" content=\"PROJETOS\" \/>\n<meta property=\"og:description\" content=\"PROJETOS Experi\u00eancia comprovada em engenharia civil nos A\u00e7ores. O Gabinete de Engenharia Sequeira tem um historial s\u00f3lido de participa\u00e7\u00e3o em projetos t\u00e9cnicos em diferentes ilhas dos A\u00e7ores, abrangendo desde habita\u00e7\u00e3o unifamiliar e espa\u00e7os comerciais at\u00e9 empreitadas p\u00fablicas e reabilita\u00e7\u00e3o de patrim\u00f3nio. Atuamos com um compromisso constante com a qualidade, o rigor t\u00e9cnico e o cumprimento [&hellip;]\" \/>\n<meta property=\"og:url\" content=\"https:\/\/gabinetemjs.com\/en\/produtos\/\" \/>\n<meta property=\"og:site_name\" content=\"Gabinete M.J.S.\" \/>\n<meta property=\"article:modified_time\" content=\"2025-08-14T11:36:53+00:00\" \/>\n<meta property=\"og:image\" content=\"https:\/\/gabinetemjs.com\/wp-content\/uploads\/2025\/08\/HERO-SEQUEIRA-scaled.webp\" \/>\n<meta name=\"twitter:card\" content=\"summary_large_image\" \/>\n<meta name=\"twitter:label1\" content=\"Estimated reading time\" \/>\n\t<meta name=\"twitter:data1\" content=\"1 minute\" \/>\n<script type=\"application\/ld+json\" class=\"yoast-schema-graph\">{\"@context\":\"https:\/\/schema.org\",\"@graph\":[{\"@type\":\"WebPage\",\"@id\":\"https:\/\/gabinetemjs.com\/produtos\/\",\"url\":\"https:\/\/gabinetemjs.com\/produtos\/\",\"name\":\"PROJETOS - Gabinete M.J.S.\",\"isPartOf\":{\"@id\":\"https:\/\/gabinetemjs.com\/#website\"},\"datePublished\":\"2025-08-01T14:29:22+00:00\",\"dateModified\":\"2025-08-14T11:36:53+00:00\",\"breadcrumb\":{\"@id\":\"https:\/\/gabinetemjs.com\/produtos\/#breadcrumb\"},\"inLanguage\":\"en-GB\",\"potentialAction\":[{\"@type\":\"ReadAction\",\"target\":[\"https:\/\/gabinetemjs.com\/produtos\/\"]}]},{\"@type\":\"BreadcrumbList\",\"@id\":\"https:\/\/gabinetemjs.com\/produtos\/#breadcrumb\",\"itemListElement\":[{\"@type\":\"ListItem\",\"position\":1,\"name\":\"Home\",\"item\":\"https:\/\/gabinetemjs.com\/en\/\"},{\"@type\":\"ListItem\",\"position\":2,\"name\":\"PROJETOS\"}]},{\"@type\":\"WebSite\",\"@id\":\"https:\/\/gabinetemjs.com\/#website\",\"url\":\"https:\/\/gabinetemjs.com\/\",\"name\":\"Gabinete M.J.S.\",\"description\":\"Gabinete de Engenharia - MJS\",\"potentialAction\":[{\"@type\":\"SearchAction\",\"target\":{\"@type\":\"EntryPoint\",\"urlTemplate\":\"https:\/\/gabinetemjs.com\/?s={search_term_string}\"},\"query-input\":\"required name=search_term_string\"}],\"inLanguage\":\"en-GB\"}]}<\/script>\n<!-- \/ Yoast SEO Premium plugin. -->","yoast_head_json":{"title":"PROJETOS - Gabinete M.J.S.","robots":{"index":"index","follow":"follow","max-snippet":"max-snippet:-1","max-image-preview":"max-image-preview:large","max-video-preview":"max-video-preview:-1"},"canonical":"https:\/\/gabinetemjs.com\/en\/produtos\/","og_locale":"en_GB","og_type":"article","og_title":"PROJETOS","og_description":"PROJETOS Experi\u00eancia comprovada em engenharia civil nos A\u00e7ores. O Gabinete de Engenharia Sequeira tem um historial s\u00f3lido de participa\u00e7\u00e3o em projetos t\u00e9cnicos em diferentes ilhas dos A\u00e7ores, abrangendo desde habita\u00e7\u00e3o unifamiliar e espa\u00e7os comerciais at\u00e9 empreitadas p\u00fablicas e reabilita\u00e7\u00e3o de patrim\u00f3nio. Atuamos com um compromisso constante com a qualidade, o rigor t\u00e9cnico e o cumprimento [&hellip;]","og_url":"https:\/\/gabinetemjs.com\/en\/produtos\/","og_site_name":"Gabinete M.J.S.","article_modified_time":"2025-08-14T11:36:53+00:00","og_image":[{"url":"https:\/\/gabinetemjs.com\/wp-content\/uploads\/2025\/08\/HERO-SEQUEIRA-scaled.webp"}],"twitter_card":"summary_large_image","twitter_misc":{"Estimated reading time":"1 minute"},"schema":{"@context":"https:\/\/schema.org","@graph":[{"@type":"WebPage","@id":"https:\/\/gabinetemjs.com\/produtos\/","url":"https:\/\/gabinetemjs.com\/produtos\/","name":"PROJETOS - Gabinete M.J.S.","isPartOf":{"@id":"https:\/\/gabinetemjs.com\/#website"},"datePublished":"2025-08-01T14:29:22+00:00","dateModified":"2025-08-14T11:36:53+00:00","breadcrumb":{"@id":"https:\/\/gabinetemjs.com\/produtos\/#breadcrumb"},"inLanguage":"en-GB","potentialAction":[{"@type":"ReadAction","target":["https:\/\/gabinetemjs.com\/produtos\/"]}]},{"@type":"BreadcrumbList","@id":"https:\/\/gabinetemjs.com\/produtos\/#breadcrumb","itemListElement":[{"@type":"ListItem","position":1,"name":"Home","item":"https:\/\/gabinetemjs.com\/en\/"},{"@type":"ListItem","position":2,"name":"PROJETOS"}]},{"@type":"WebSite","@id":"https:\/\/gabinetemjs.com\/#website","url":"https:\/\/gabinetemjs.com\/","name":"Office M.J.S.","description":"Gabinete de Engenharia - MJS","potentialAction":[{"@type":"SearchAction","target":{"@type":"EntryPoint","urlTemplate":"https:\/\/gabinetemjs.com\/?s={search_term_string}"},"query-input":"required name=search_term_string"}],"inLanguage":"en-GB"}]}},"_links":{"self":[{"href":"https:\/\/gabinetemjs.com\/en\/wp-json\/wp\/v2\/pages\/21","targetHints":{"allow":["GET"]}}],"collection":[{"href":"https:\/\/gabinetemjs.com\/en\/wp-json\/wp\/v2\/pages"}],"about":[{"href":"https:\/\/gabinetemjs.com\/en\/wp-json\/wp\/v2\/types\/page"}],"author":[{"embeddable":true,"href":"https:\/\/gabinetemjs.com\/en\/wp-json\/wp\/v2\/users\/1"}],"replies":[{"embeddable":true,"href":"https:\/\/gabinetemjs.com\/en\/wp-json\/wp\/v2\/comments?post=21"}],"version-history":[{"count":38,"href":"https:\/\/gabinetemjs.com\/en\/wp-json\/wp\/v2\/pages\/21\/revisions"}],"predecessor-version":[{"id":694,"href":"https:\/\/gabinetemjs.com\/en\/wp-json\/wp\/v2\/pages\/21\/revisions\/694"}],"wp:attachment":[{"href":"https:\/\/gabinetemjs.com\/en\/wp-json\/wp\/v2\/media?parent=21"}],"curies":[{"name":"wp","href":"https:\/\/api.w.org\/{rel}","templated":true}]}}