{"id":18,"date":"2025-08-01T14:29:21","date_gmt":"2025-08-01T14:29:21","guid":{"rendered":"https:\/\/gabinetemjs.com\/contacta-nos\/"},"modified":"2025-12-02T15:17:45","modified_gmt":"2025-12-02T15:17:45","slug":"contacta-nos","status":"publish","type":"page","link":"https:\/\/gabinetemjs.com\/en\/contacta-nos\/","title":{"rendered":"CONTACTS"},"content":{"rendered":"<div data-elementor-type=\"wp-page\" data-elementor-id=\"18\" class=\"elementor elementor-18\">\n\t\t\t\t<div class=\"elementor-element elementor-element-11b44737 e-con-full e-flex e-con e-parent\" data-id=\"11b44737\" data-element_type=\"container\" data-settings=\"{&quot;background_background&quot;:&quot;classic&quot;}\">\n\t\t<div class=\"elementor-element elementor-element-2025cb0a e-con-full e-flex e-con e-child\" data-id=\"2025cb0a\" data-element_type=\"container\">\n\t\t\t\t<div class=\"elementor-element elementor-element-3f4c8e8b elementor-invisible elementor-widget elementor-widget-heading\" data-id=\"3f4c8e8b\" data-element_type=\"widget\" data-settings=\"{&quot;_animation&quot;:&quot;zoomIn&quot;}\" data-widget_type=\"heading.default\">\n\t\t\t\t\t<h2 class=\"elementor-heading-title elementor-size-default\">CONTACT US<\/h2>\t\t\t\t<\/div>\n\t\t\t\t<\/div>\n\t\t\t\t<\/div>\n\t\t<div class=\"elementor-element elementor-element-48614085 e-con-full e-flex e-con e-parent\" data-id=\"48614085\" data-element_type=\"container\" data-settings=\"{&quot;background_background&quot;:&quot;classic&quot;}\">\n\t\t<div class=\"elementor-element elementor-element-3f692f65 e-con-full e-flex e-con e-child\" data-id=\"3f692f65\" data-element_type=\"container\">\n\t\t\t\t<div class=\"elementor-element elementor-element-19747612 elementor-view-default elementor-position-top elementor-mobile-position-top elementor-invisible elementor-widget elementor-widget-icon-box\" data-id=\"19747612\" data-element_type=\"widget\" data-settings=\"{&quot;_animation&quot;:&quot;zoomIn&quot;}\" data-widget_type=\"icon-box.default\">\n\t\t\t\t\t\t\t<div class=\"elementor-icon-box-wrapper\">\n\n\t\t\t\t\t\t<div class=\"elementor-icon-box-icon\">\n\t\t\t\t<a href=\"mailto:mjsequeira@mail.telepac.pt\" class=\"elementor-icon\" tabindex=\"-1\" aria-label=\"mjsequeira@mail.telepac.pt\">\n\t\t\t\t<i aria-hidden=\"true\" class=\"ti-email\"><\/i>\t\t\t\t<\/a>\n\t\t\t<\/div>\n\t\t\t\n\t\t\t\t\t\t<div class=\"elementor-icon-box-content\">\n\n\t\t\t\t\t\t\t\t\t<h3 class=\"elementor-icon-box-title\">\n\t\t\t\t\t\t<a href=\"mailto:mjsequeira@mail.telepac.pt\" >\n\t\t\t\t\t\t\tmjsequeira@mail.telepac.pt\t\t\t\t\t\t<\/a>\n\t\t\t\t\t<\/h3>\n\t\t\t\t\n\t\t\t\t\n\t\t\t<\/div>\n\t\t\t\n\t\t<\/div>\n\t\t\t\t\t\t<\/div>\n\t\t\t\t<\/div>\n\t\t<div class=\"elementor-element elementor-element-6e127bd9 e-con-full e-flex e-con e-child\" data-id=\"6e127bd9\" data-element_type=\"container\">\n\t\t\t\t<div class=\"elementor-element elementor-element-5d812388 elementor-view-default elementor-position-top elementor-mobile-position-top elementor-invisible elementor-widget elementor-widget-icon-box\" data-id=\"5d812388\" data-element_type=\"widget\" data-settings=\"{&quot;_animation&quot;:&quot;zoomIn&quot;}\" data-widget_type=\"icon-box.default\">\n\t\t\t\t\t\t\t<div class=\"elementor-icon-box-wrapper\">\n\n\t\t\t\t\t\t<div class=\"elementor-icon-box-icon\">\n\t\t\t\t<span  class=\"elementor-icon\">\n\t\t\t\t<i aria-hidden=\"true\" class=\"lnr lnr-smartphone\"><\/i>\t\t\t\t<\/span>\n\t\t\t<\/div>\n\t\t\t\n\t\t\t\t\t\t<div class=\"elementor-icon-box-content\">\n\n\t\t\t\t\t\t\t\t\t<h3 class=\"elementor-icon-box-title\">\n\t\t\t\t\t\t<span  >\n\t\t\t\t\t\t\t( +351) 292 293 711\t\t\t\t\t\t<\/span>\n\t\t\t\t\t<\/h3>\n\t\t\t\t\n\t\t\t\t\n\t\t\t<\/div>\n\t\t\t\n\t\t<\/div>\n\t\t\t\t\t\t<\/div>\n\t\t\t\t<\/div>\n\t\t<div class=\"elementor-element elementor-element-7b3707f5 e-con-full e-flex e-con e-child\" data-id=\"7b3707f5\" data-element_type=\"container\">\n\t\t\t\t<div class=\"elementor-element elementor-element-37a44f3d elementor-view-default elementor-position-top elementor-mobile-position-top elementor-invisible elementor-widget elementor-widget-icon-box\" data-id=\"37a44f3d\" data-element_type=\"widget\" data-settings=\"{&quot;_animation&quot;:&quot;zoomIn&quot;}\" data-widget_type=\"icon-box.default\">\n\t\t\t\t\t\t\t<div class=\"elementor-icon-box-wrapper\">\n\n\t\t\t\t\t\t<div class=\"elementor-icon-box-icon\">\n\t\t\t\t<span  class=\"elementor-icon\">\n\t\t\t\t<i aria-hidden=\"true\" class=\"ti-location-pin\"><\/i>\t\t\t\t<\/span>\n\t\t\t<\/div>\n\t\t\t\n\t\t\t\t\t\t<div class=\"elementor-icon-box-content\">\n\n\t\t\t\t\t\t\t\t\t<h3 class=\"elementor-icon-box-title\">\n\t\t\t\t\t\t<span  >\n\t\t\t\t\t\t\tRua Dr. Manuel Garcia Monteiro, n\u00ba 14, 9900\u2011150 Horta, A\u00e7ores\t\t\t\t\t\t<\/span>\n\t\t\t\t\t<\/h3>\n\t\t\t\t\n\t\t\t\t\n\t\t\t<\/div>\n\t\t\t\n\t\t<\/div>\n\t\t\t\t\t\t<\/div>\n\t\t\t\t<\/div>\n\t\t\t\t<\/div>\n\t\t<div class=\"elementor-element elementor-element-5b2a47b7 e-con-full e-flex e-con e-parent\" data-id=\"5b2a47b7\" data-element_type=\"container\" data-settings=\"{&quot;background_background&quot;:&quot;classic&quot;}\">\n\t\t<div class=\"elementor-element elementor-element-6b7002ad e-con-full e-flex e-con e-child\" data-id=\"6b7002ad\" data-element_type=\"container\">\n\t\t\t\t<div class=\"elementor-element elementor-element-35d68fdb elementor-invisible elementor-widget elementor-widget-heading\" data-id=\"35d68fdb\" data-element_type=\"widget\" data-settings=\"{&quot;_animation&quot;:&quot;zoomIn&quot;}\" data-widget_type=\"heading.default\">\n\t\t\t\t\t<h2 class=\"elementor-heading-title elementor-size-default\">Consultancy . Design . Supervision<\/h2>\t\t\t\t<\/div>\n\t\t\t\t<div class=\"elementor-element elementor-element-71dfd267 elementor-invisible elementor-widget elementor-widget-heading\" data-id=\"71dfd267\" data-element_type=\"widget\" data-settings=\"{&quot;_animation&quot;:&quot;zoomIn&quot;}\" data-widget_type=\"heading.default\">\n\t\t\t\t\t<h2 class=\"elementor-heading-title elementor-size-default\">TAILORED SOLUTIONS FOR YOUR PROJECT.<\/h2>\t\t\t\t<\/div>\n\t\t\t\t<div class=\"elementor-element elementor-element-3c11162f elementor-mobile-align-center elementor-align-center elementor-invisible elementor-widget elementor-widget-button\" data-id=\"3c11162f\" data-element_type=\"widget\" data-settings=\"{&quot;_animation&quot;:&quot;zoomIn&quot;}\" data-widget_type=\"button.default\">\n\t\t\t\t\t\t\t\t\t\t<a class=\"elementor-button elementor-button-link elementor-size-sm\" href=\"mailto:mjsequeira@mail.telepac.pt\">\n\t\t\t\t\t\t<span class=\"elementor-button-content-wrapper\">\n\t\t\t\t\t\t\t\t\t<span class=\"elementor-button-text\">REQUEST A MEETING<\/span>\n\t\t\t\t\t<\/span>\n\t\t\t\t\t<\/a>\n\t\t\t\t\t\t\t\t<\/div>\n\t\t\t\t<\/div>\n\t\t\t\t<\/div>\n\t\t<div class=\"elementor-element elementor-element-25bc253 e-con-full e-flex e-con e-parent\" data-id=\"25bc253\" data-element_type=\"container\">\n\t\t\t\t<div class=\"elementor-element elementor-element-18eaa5e elementor-widget elementor-widget-google_maps\" data-id=\"18eaa5e\" data-element_type=\"widget\" data-widget_type=\"google_maps.default\">\n\t\t\t\t\t\t\t<div class=\"elementor-custom-embed\">\n\t\t\t<iframe loading=\"lazy\"\n\t\t\t\t\tsrc=\"https:\/\/maps.google.com\/maps?q=Rua%20Dr.%20Manuel%20Garcia%20Monteiro%2C%20n%C2%BA%2014%2C%209900%E2%80%91150%20Horta%2C%20A%C3%A7ores&#038;t=m&#038;z=14&#038;output=embed&#038;iwloc=near\"\n\t\t\t\t\ttitle=\"Rua Dr. Manuel Garcia Monteiro, n\u00ba 14, 9900\u2011150 Horta, A\u00e7ores\"\n\t\t\t\t\taria-label=\"Rua Dr. Manuel Garcia Monteiro, n\u00ba 14, 9900\u2011150 Horta, A\u00e7ores\"\n\t\t\t><\/iframe>\n\t\t<\/div>\n\t\t\t\t\t\t<\/div>\n\t\t\t\t<\/div>\n\t\t\t\t<\/div>","protected":false},"excerpt":{"rendered":"<p>CONTACTA-NOS mjsequeira@mail.telepac.pt ( +351) 292 293 711 Rua Dr. Manuel Garcia Monteiro, n\u00ba 14, 9900\u2011150 Horta, A\u00e7ores Consultoria . Projeto . Fiscaliza\u00e7\u00e3o SOLU\u00c7\u00d5ES \u00c0 MEDIDA DO SEU PROJETO. SOLICITE UMA REUNI\u00c3O<\/p>","protected":false},"author":1,"featured_media":0,"parent":0,"menu_order":0,"comment_status":"closed","ping_status":"closed","template":"","meta":{"footnotes":""},"class_list":["post-18","page","type-page","status-publish","hentry"],"yoast_head":"<!-- This site is optimized with the Yoast SEO Premium plugin v21.3 (Yoast SEO v21.3) - https:\/\/yoast.com\/wordpress\/plugins\/seo\/ -->\n<title>CONTACTOS - Gabinete M.J.S.<\/title>\n<meta name=\"robots\" content=\"index, follow, max-snippet:-1, max-image-preview:large, max-video-preview:-1\" \/>\n<link rel=\"canonical\" href=\"https:\/\/gabinetemjs.com\/en\/contacta-nos\/\" \/>\n<meta property=\"og:locale\" content=\"en_GB\" \/>\n<meta property=\"og:type\" content=\"article\" \/>\n<meta property=\"og:title\" content=\"CONTACTOS\" \/>\n<meta property=\"og:description\" content=\"CONTACTA-NOS mjsequeira@mail.telepac.pt ( +351) 292 293 711 Rua Dr. Manuel Garcia Monteiro, n\u00ba 14, 9900\u2011150 Horta, A\u00e7ores Consultoria . Projeto . Fiscaliza\u00e7\u00e3o SOLU\u00c7\u00d5ES \u00c0 MEDIDA DO SEU PROJETO. SOLICITE UMA REUNI\u00c3O\" \/>\n<meta property=\"og:url\" content=\"https:\/\/gabinetemjs.com\/en\/contacta-nos\/\" \/>\n<meta property=\"og:site_name\" content=\"Gabinete M.J.S.\" \/>\n<meta property=\"article:modified_time\" content=\"2025-12-02T15:17:45+00:00\" \/>\n<meta name=\"twitter:card\" content=\"summary_large_image\" \/>\n<script type=\"application\/ld+json\" class=\"yoast-schema-graph\">{\"@context\":\"https:\/\/schema.org\",\"@graph\":[{\"@type\":\"WebPage\",\"@id\":\"https:\/\/gabinetemjs.com\/contacta-nos\/\",\"url\":\"https:\/\/gabinetemjs.com\/contacta-nos\/\",\"name\":\"CONTACTOS - Gabinete M.J.S.\",\"isPartOf\":{\"@id\":\"https:\/\/gabinetemjs.com\/#website\"},\"datePublished\":\"2025-08-01T14:29:21+00:00\",\"dateModified\":\"2025-12-02T15:17:45+00:00\",\"breadcrumb\":{\"@id\":\"https:\/\/gabinetemjs.com\/contacta-nos\/#breadcrumb\"},\"inLanguage\":\"en-GB\",\"potentialAction\":[{\"@type\":\"ReadAction\",\"target\":[\"https:\/\/gabinetemjs.com\/contacta-nos\/\"]}]},{\"@type\":\"BreadcrumbList\",\"@id\":\"https:\/\/gabinetemjs.com\/contacta-nos\/#breadcrumb\",\"itemListElement\":[{\"@type\":\"ListItem\",\"position\":1,\"name\":\"Home\",\"item\":\"https:\/\/gabinetemjs.com\/en\/\"},{\"@type\":\"ListItem\",\"position\":2,\"name\":\"CONTACTOS\"}]},{\"@type\":\"WebSite\",\"@id\":\"https:\/\/gabinetemjs.com\/#website\",\"url\":\"https:\/\/gabinetemjs.com\/\",\"name\":\"Gabinete M.J.S.\",\"description\":\"Gabinete de Engenharia - MJS\",\"potentialAction\":[{\"@type\":\"SearchAction\",\"target\":{\"@type\":\"EntryPoint\",\"urlTemplate\":\"https:\/\/gabinetemjs.com\/?s={search_term_string}\"},\"query-input\":\"required name=search_term_string\"}],\"inLanguage\":\"en-GB\"}]}<\/script>\n<!-- \/ Yoast SEO Premium plugin. -->","yoast_head_json":{"title":"CONTACTOS - Gabinete M.J.S.","robots":{"index":"index","follow":"follow","max-snippet":"max-snippet:-1","max-image-preview":"max-image-preview:large","max-video-preview":"max-video-preview:-1"},"canonical":"https:\/\/gabinetemjs.com\/en\/contacta-nos\/","og_locale":"en_GB","og_type":"article","og_title":"CONTACTOS","og_description":"CONTACTA-NOS mjsequeira@mail.telepac.pt ( +351) 292 293 711 Rua Dr. Manuel Garcia Monteiro, n\u00ba 14, 9900\u2011150 Horta, A\u00e7ores Consultoria . Projeto . Fiscaliza\u00e7\u00e3o SOLU\u00c7\u00d5ES \u00c0 MEDIDA DO SEU PROJETO. SOLICITE UMA REUNI\u00c3O","og_url":"https:\/\/gabinetemjs.com\/en\/contacta-nos\/","og_site_name":"Gabinete M.J.S.","article_modified_time":"2025-12-02T15:17:45+00:00","twitter_card":"summary_large_image","schema":{"@context":"https:\/\/schema.org","@graph":[{"@type":"WebPage","@id":"https:\/\/gabinetemjs.com\/contacta-nos\/","url":"https:\/\/gabinetemjs.com\/contacta-nos\/","name":"CONTACTOS - Gabinete M.J.S.","isPartOf":{"@id":"https:\/\/gabinetemjs.com\/#website"},"datePublished":"2025-08-01T14:29:21+00:00","dateModified":"2025-12-02T15:17:45+00:00","breadcrumb":{"@id":"https:\/\/gabinetemjs.com\/contacta-nos\/#breadcrumb"},"inLanguage":"en-GB","potentialAction":[{"@type":"ReadAction","target":["https:\/\/gabinetemjs.com\/contacta-nos\/"]}]},{"@type":"BreadcrumbList","@id":"https:\/\/gabinetemjs.com\/contacta-nos\/#breadcrumb","itemListElement":[{"@type":"ListItem","position":1,"name":"Home","item":"https:\/\/gabinetemjs.com\/en\/"},{"@type":"ListItem","position":2,"name":"CONTACTOS"}]},{"@type":"WebSite","@id":"https:\/\/gabinetemjs.com\/#website","url":"https:\/\/gabinetemjs.com\/","name":"Office M.J.S.","description":"Gabinete de Engenharia - MJS","potentialAction":[{"@type":"SearchAction","target":{"@type":"EntryPoint","urlTemplate":"https:\/\/gabinetemjs.com\/?s={search_term_string}"},"query-input":"required name=search_term_string"}],"inLanguage":"en-GB"}]}},"_links":{"self":[{"href":"https:\/\/gabinetemjs.com\/en\/wp-json\/wp\/v2\/pages\/18","targetHints":{"allow":["GET"]}}],"collection":[{"href":"https:\/\/gabinetemjs.com\/en\/wp-json\/wp\/v2\/pages"}],"about":[{"href":"https:\/\/gabinetemjs.com\/en\/wp-json\/wp\/v2\/types\/page"}],"author":[{"embeddable":true,"href":"https:\/\/gabinetemjs.com\/en\/wp-json\/wp\/v2\/users\/1"}],"replies":[{"embeddable":true,"href":"https:\/\/gabinetemjs.com\/en\/wp-json\/wp\/v2\/comments?post=18"}],"version-history":[{"count":56,"href":"https:\/\/gabinetemjs.com\/en\/wp-json\/wp\/v2\/pages\/18\/revisions"}],"predecessor-version":[{"id":745,"href":"https:\/\/gabinetemjs.com\/en\/wp-json\/wp\/v2\/pages\/18\/revisions\/745"}],"wp:attachment":[{"href":"https:\/\/gabinetemjs.com\/en\/wp-json\/wp\/v2\/media?parent=18"}],"curies":[{"name":"wp","href":"https:\/\/api.w.org\/{rel}","templated":true}]}}